{"id":3218,"date":"2021-01-23T11:50:40","date_gmt":"2021-01-23T10:50:40","guid":{"rendered":"https:\/\/dev-prestashop-a03b2417a73b.prestashop.sh\/blog\/?page_id=3218"},"modified":"2023-07-11T08:49:33","modified_gmt":"2023-07-11T06:49:33","slug":"dictionnaire-du-chanvre-cannabis-et-cbd","status":"publish","type":"page","link":"https:\/\/weedy.fr\/blog\/dictionnaire-du-chanvre-cannabis-et-cbd\/","title":{"rendered":"Dictionnaire du chanvre, cannabis et CBD"},"content":{"rendered":"\n\t\t\t\n\t\t\t\t<style>#sp-ea-4289 .spcollapsing { height: 0; overflow: hidden; transition-property: height;transition-duration: 500ms;}#sp-ea-4289.sp-easy-accordion>.sp-ea-single {margin-bottom: 10px; border: 1px solid #e2e2e2; }#sp-ea-4289.sp-easy-accordion>.sp-ea-single>.ea-header a {color: #444;}#sp-ea-4289.sp-easy-accordion>.sp-ea-single>.sp-collapse>.ea-body {background: #fff; color: #444;}#sp-ea-4289.sp-easy-accordion>.sp-ea-single {background: #eee;}#sp-ea-4289.sp-easy-accordion>.sp-ea-single>.ea-header a .ea-expand-icon { float: left; color: #a0cc54;font-size: 16px;}<\/style><div id=\"sp_easy_accordion-1689696004\"><div id=\"sp-ea-4289\" class=\"sp-ea-one sp-easy-accordion\" data-ea-active=\"ea-click\" data-ea-mode=\"vertical\" data-preloader=\"\" data-scroll-active-item=\"\" data-offset-to-scroll=\"0\"><div class=\"ea-card ea-expand sp-ea-single\"><h3 class=\"ea-header\"><a class=\"collapsed\" id=\"ea-header-42890\" role=\"button\" data-sptoggle=\"spcollapse\" data-sptarget=\"#collapse42890\" aria-controls=\"collapse42890\" href=\"#\" aria-expanded=\"true\" tabindex=\"0\"><i aria-hidden=\"true\" role=\"presentation\" class=\"ea-expand-icon eap-icon-ea-expand-minus\"><\/i> Chanvre<\/a><\/h3><div class=\"sp-collapse spcollapse collapsed show\" id=\"collapse42890\" data-parent=\"#sp-ea-4289\" role=\"region\" aria-labelledby=\"ea-header-42890\"> <div class=\"ea-body\"><div>Le <strong>Chanvre<\/strong> est une\u00a0sous-esp\u00e8ce\u00a0de\u00a0plantes\u00a0de l'esp\u00e8ce\u00a0<strong><i>Cannabis sativa<\/i><\/strong>,\u00a0famille\u00a0des\u00a0<i>Cannabac\u00e9es<\/i>. Il se distingue particuli\u00e8rement du Cannabis, gr\u00e2ce \u00e0 sa basse teneur en THC. Dans l'Union Europ\u00e9enne, le taux maximum l\u00e9gal est de 0.3 %. La culture, possession, commercialisation et consommation de cette plante, ou ses d\u00e9riv\u00e9es, ob\u00e9issent \u00e0 des lois bien d\u00e9finies. Celles-ci changent d'un pays \u00e0 un autre.<\/div><div><\/div><\/div><\/div><\/div><div class=\"ea-card sp-ea-single\"><h3 class=\"ea-header\"><a class=\"collapsed\" id=\"ea-header-42891\" role=\"button\" data-sptoggle=\"spcollapse\" data-sptarget=\"#collapse42891\" aria-controls=\"collapse42891\" href=\"#\" aria-expanded=\"false\" tabindex=\"0\"><i aria-hidden=\"true\" role=\"presentation\" class=\"ea-expand-icon eap-icon-ea-expand-plus\"><\/i> Cannabis<\/a><\/h3><div class=\"sp-collapse spcollapse \" id=\"collapse42891\" data-parent=\"#sp-ea-4289\" role=\"region\" aria-labelledby=\"ea-header-42891\"> <div class=\"ea-body\"><div>Le <strong>cannabis<\/strong>, aussi d\u00e9nomm\u00e9 <b><i>Cannabis<\/i> L,<\/b>\u00a0est un\u00a0genre\u00a0botanique\u00a0qui rassemble des\u00a0plantes annuelles\u00a0de la famille des\u00a0<i>Cannabaceae<\/i>. Les sous-esp\u00e8ces de ce genre botanique, se distinguent entre elles, \u00e0 travers leurs \u00e9l\u00e9ments actifs (les cannabino\u00efdes ) et autres composants (terp\u00e8nes). La culture, possession, commercialisation et consommation des sous-esp\u00e8ces de ce genre botanique, sont encadr\u00e9es par des lois dans chaque pays.<\/div><div><\/div><\/div><\/div><\/div><div class=\"ea-card sp-ea-single\"><h3 class=\"ea-header\"><a class=\"collapsed\" id=\"ea-header-42892\" role=\"button\" data-sptoggle=\"spcollapse\" data-sptarget=\"#collapse42892\" aria-controls=\"collapse42892\" href=\"#\" aria-expanded=\"false\" tabindex=\"0\"><i aria-hidden=\"true\" role=\"presentation\" class=\"ea-expand-icon eap-icon-ea-expand-plus\"><\/i> CBD<\/a><\/h3><div class=\"sp-collapse spcollapse \" id=\"collapse42892\" data-parent=\"#sp-ea-4289\" role=\"region\" aria-labelledby=\"ea-header-42892\"> <div class=\"ea-body\"><div>Le <a href=\"https:\/\/www.cbd.fr\"><strong>CBD<\/strong><\/a>, de son vrai nom le <b>cannabidiol, <\/b>est un cannabino\u00efde pr\u00e9sent dans le cannabis. En effet, il est le deuxi\u00e8me cannabino\u00efde constituant du cannabis sativa et indica le plus \u00e9tudi\u00e9 apr\u00e8s le THC.<sup id=\"cite_ref-:0_3-0\" class=\"reference\"><\/sup> Le grand int\u00e9r\u00eat accord\u00e9 \u00e0 cette mol\u00e9cule vient des bienfaits qu'elle aurait. \u00c0 ce sujet, elle est d\u00e9j\u00e0 utilis\u00e9e dans divers secteurs d'activit\u00e9 : <strong>CBD alimentaire<\/strong>, <strong>CBD pour les animaux<\/strong>, CBD cosm\u00e9tique (<strong>Huiles de CBD<\/strong>, <strong>G\u00e9lules de CBD<\/strong>, \u2026) et m\u00e9decine (<strong>Fleurs de CBD<\/strong>, ...).<\/div><\/div><\/div><\/div><div class=\"ea-card sp-ea-single\"><h3 class=\"ea-header\"><a class=\"collapsed\" id=\"ea-header-42893\" role=\"button\" data-sptoggle=\"spcollapse\" data-sptarget=\"#collapse42893\" aria-controls=\"collapse42893\" href=\"#\" aria-expanded=\"false\" tabindex=\"0\"><i aria-hidden=\"true\" role=\"presentation\" class=\"ea-expand-icon eap-icon-ea-expand-plus\"><\/i> THC<\/a><\/h3><div class=\"sp-collapse spcollapse \" id=\"collapse42893\" data-parent=\"#sp-ea-4289\" role=\"region\" aria-labelledby=\"ea-header-42893\"> <div class=\"ea-body\"><div>Le <strong>THC<\/strong>, de son vrai nom le\u00a0<b>\u0394-9-t\u00e9trahydrocannabinol,<\/b> est un cannabino\u00efde pr\u00e9sent dans la plante de cannabis qui poss\u00e8de des propri\u00e9t\u00e9s psychoactives. Dit autrement, \u00e0 forte dose, il agit sur le psychisme en modifiant le rythme c\u00e9r\u00e9bral. Ce qui, par cons\u00e9quent, modifie le comportement des consommateurs. Allant dans ce sens, c'est la mol\u00e9cule principalement responsable de l'effet de \"planer\" d\u00e9crit par les consommateurs. La possession, consommation et commercialisation des produits contenant cette substance respectent certaines r\u00e9glementations. Lesquelles diff\u00e8rent d'un pays \u00e0 un autre.<\/div><\/div><\/div><\/div><\/div><\/div>\n\n\n\n<p><\/p>\n\n\t\t\t\n\t\t","protected":false},"excerpt":{"rendered":"","protected":false},"author":41,"featured_media":0,"parent":0,"menu_order":0,"comment_status":"closed","ping_status":"closed","template":"","meta":{"_sitemap_exclude":false,"_sitemap_priority":"","_sitemap_frequency":"","footnotes":""},"class_list":["post-3218","page","type-page","status-publish","hentry"],"yoast_head":"<!-- This site is optimized with the Yoast SEO Premium plugin v26.9 (Yoast SEO v26.9) - https:\/\/yoast.com\/product\/yoast-seo-premium-wordpress\/ -->\n<title>Dictionnaire du chanvre, cannabis et CBD - Actualit\u00e9s CBD Blog - Weedy.fr<\/title>\n<meta name=\"description\" content=\"Ce dictionnaire du chanvre, cannabis et cbd vous donne des d\u00e9finitions et explications simples du lexique cannabique.\" \/>\n<meta name=\"robots\" content=\"index, follow, max-snippet:-1, max-image-preview:large, max-video-preview:-1\" \/>\n<link rel=\"canonical\" href=\"https:\/\/weedy.fr\/blog\/dictionnaire-du-chanvre-cannabis-et-cbd\/\" \/>\n<meta property=\"og:locale\" content=\"fr_FR\" \/>\n<meta property=\"og:type\" content=\"article\" \/>\n<meta property=\"og:title\" content=\"Dictionnaire du chanvre, cannabis et CBD\" \/>\n<meta property=\"og:description\" content=\"Ce dictionnaire du chanvre, cannabis et cbd vous donne des d\u00e9finitions et explications simples du lexique cannabique.\" \/>\n<meta property=\"og:url\" content=\"https:\/\/weedy.fr\/blog\/dictionnaire-du-chanvre-cannabis-et-cbd\/\" \/>\n<meta property=\"og:site_name\" content=\"Actualit\u00e9s CBD Blog - Weedy.fr\" \/>\n<meta property=\"article:publisher\" content=\"https:\/\/www.facebook.com\/weedysocial\" \/>\n<meta property=\"article:modified_time\" content=\"2023-07-11T06:49:33+00:00\" \/>\n<meta property=\"og:image\" content=\"https:\/\/weedy.fr\/blog\/wp-content\/uploads\/2024\/05\/logo-carre.jpg\" \/>\n\t<meta property=\"og:image:width\" content=\"582\" \/>\n\t<meta property=\"og:image:height\" content=\"582\" \/>\n\t<meta property=\"og:image:type\" content=\"image\/jpeg\" \/>\n<meta name=\"twitter:card\" content=\"summary_large_image\" \/>\n<meta name=\"twitter:label1\" content=\"Dur\u00e9e de lecture estim\u00e9e\" \/>\n\t<meta name=\"twitter:data1\" content=\"1 minute\" \/>\n<script type=\"application\/ld+json\" class=\"yoast-schema-graph\">{\"@context\":\"https:\/\/schema.org\",\"@graph\":[{\"@type\":\"WebPage\",\"@id\":\"https:\/\/weedy.fr\/blog\/dictionnaire-du-chanvre-cannabis-et-cbd\/\",\"url\":\"https:\/\/weedy.fr\/blog\/dictionnaire-du-chanvre-cannabis-et-cbd\/\",\"name\":\"Dictionnaire du chanvre, cannabis et CBD - Actualit\u00e9s CBD Blog - Weedy.fr\",\"isPartOf\":{\"@id\":\"https:\/\/weedy.fr\/blog\/#website\"},\"datePublished\":\"2021-01-23T10:50:40+00:00\",\"dateModified\":\"2023-07-11T06:49:33+00:00\",\"description\":\"Ce dictionnaire du chanvre, cannabis et cbd vous donne des d\u00e9finitions et explications simples du lexique cannabique.\",\"breadcrumb\":{\"@id\":\"https:\/\/weedy.fr\/blog\/dictionnaire-du-chanvre-cannabis-et-cbd\/#breadcrumb\"},\"inLanguage\":\"fr-FR\",\"potentialAction\":[{\"@type\":\"ReadAction\",\"target\":[\"https:\/\/weedy.fr\/blog\/dictionnaire-du-chanvre-cannabis-et-cbd\/\"]}]},{\"@type\":\"BreadcrumbList\",\"@id\":\"https:\/\/weedy.fr\/blog\/dictionnaire-du-chanvre-cannabis-et-cbd\/#breadcrumb\",\"itemListElement\":[{\"@type\":\"ListItem\",\"position\":1,\"name\":\"CBD Blog\",\"item\":\"https:\/\/weedy.fr\/blog\/\"},{\"@type\":\"ListItem\",\"position\":2,\"name\":\"Dictionnaire du chanvre, cannabis et CBD\"}]},{\"@type\":\"WebSite\",\"@id\":\"https:\/\/weedy.fr\/blog\/#website\",\"url\":\"https:\/\/weedy.fr\/blog\/\",\"name\":\"Actualit\u00e9s CBD Blog - Weedy.fr\",\"description\":\"Le meilleur de l&#039;actualit\u00e9 du CBD et du chanvre en France\",\"publisher\":{\"@id\":\"https:\/\/weedy.fr\/blog\/#organization\"},\"alternateName\":\"Weedy.fr\",\"potentialAction\":[{\"@type\":\"SearchAction\",\"target\":{\"@type\":\"EntryPoint\",\"urlTemplate\":\"https:\/\/weedy.fr\/blog\/?s={search_term_string}\"},\"query-input\":{\"@type\":\"PropertyValueSpecification\",\"valueRequired\":true,\"valueName\":\"search_term_string\"}}],\"inLanguage\":\"fr-FR\"},{\"@type\":\"Organization\",\"@id\":\"https:\/\/weedy.fr\/blog\/#organization\",\"name\":\"Weedy.fr\",\"alternateName\":\"Weedy.fr\",\"url\":\"https:\/\/weedy.fr\/blog\/\",\"logo\":{\"@type\":\"ImageObject\",\"inLanguage\":\"fr-FR\",\"@id\":\"https:\/\/weedy.fr\/blog\/#\/schema\/logo\/image\/\",\"url\":\"https:\/\/weedy.fr\/blog\/wp-content\/uploads\/2024\/05\/logo-carre.jpg\",\"contentUrl\":\"https:\/\/weedy.fr\/blog\/wp-content\/uploads\/2024\/05\/logo-carre.jpg\",\"width\":582,\"height\":582,\"caption\":\"Weedy.fr\"},\"image\":{\"@id\":\"https:\/\/weedy.fr\/blog\/#\/schema\/logo\/image\/\"},\"sameAs\":[\"https:\/\/www.facebook.com\/weedysocial\",\"https:\/\/www.instagram.com\/weedyfrance\/\"],\"description\":\"Leader en france sur la vente de produits \u00e0 base de CBD\",\"email\":\"support@weedy.fr\",\"telephone\":\"0187651030\",\"legalName\":\"Weedy.fr\"}]}<\/script>\n<!-- \/ Yoast SEO Premium plugin. -->","yoast_head_json":{"title":"Dictionnaire du chanvre, cannabis et CBD - Actualit\u00e9s CBD Blog - Weedy.fr","description":"Ce dictionnaire du chanvre, cannabis et cbd vous donne des d\u00e9finitions et explications simples du lexique cannabique.","robots":{"index":"index","follow":"follow","max-snippet":"max-snippet:-1","max-image-preview":"max-image-preview:large","max-video-preview":"max-video-preview:-1"},"canonical":"https:\/\/weedy.fr\/blog\/dictionnaire-du-chanvre-cannabis-et-cbd\/","og_locale":"fr_FR","og_type":"article","og_title":"Dictionnaire du chanvre, cannabis et CBD","og_description":"Ce dictionnaire du chanvre, cannabis et cbd vous donne des d\u00e9finitions et explications simples du lexique cannabique.","og_url":"https:\/\/weedy.fr\/blog\/dictionnaire-du-chanvre-cannabis-et-cbd\/","og_site_name":"Actualit\u00e9s CBD Blog - Weedy.fr","article_publisher":"https:\/\/www.facebook.com\/weedysocial","article_modified_time":"2023-07-11T06:49:33+00:00","og_image":[{"width":582,"height":582,"url":"https:\/\/weedy.fr\/blog\/wp-content\/uploads\/2024\/05\/logo-carre.jpg","type":"image\/jpeg"}],"twitter_card":"summary_large_image","twitter_misc":{"Dur\u00e9e de lecture estim\u00e9e":"1 minute"},"schema":{"@context":"https:\/\/schema.org","@graph":[{"@type":"WebPage","@id":"https:\/\/weedy.fr\/blog\/dictionnaire-du-chanvre-cannabis-et-cbd\/","url":"https:\/\/weedy.fr\/blog\/dictionnaire-du-chanvre-cannabis-et-cbd\/","name":"Dictionnaire du chanvre, cannabis et CBD - Actualit\u00e9s CBD Blog - Weedy.fr","isPartOf":{"@id":"https:\/\/weedy.fr\/blog\/#website"},"datePublished":"2021-01-23T10:50:40+00:00","dateModified":"2023-07-11T06:49:33+00:00","description":"Ce dictionnaire du chanvre, cannabis et cbd vous donne des d\u00e9finitions et explications simples du lexique cannabique.","breadcrumb":{"@id":"https:\/\/weedy.fr\/blog\/dictionnaire-du-chanvre-cannabis-et-cbd\/#breadcrumb"},"inLanguage":"fr-FR","potentialAction":[{"@type":"ReadAction","target":["https:\/\/weedy.fr\/blog\/dictionnaire-du-chanvre-cannabis-et-cbd\/"]}]},{"@type":"BreadcrumbList","@id":"https:\/\/weedy.fr\/blog\/dictionnaire-du-chanvre-cannabis-et-cbd\/#breadcrumb","itemListElement":[{"@type":"ListItem","position":1,"name":"CBD Blog","item":"https:\/\/weedy.fr\/blog\/"},{"@type":"ListItem","position":2,"name":"Dictionnaire du chanvre, cannabis et CBD"}]},{"@type":"WebSite","@id":"https:\/\/weedy.fr\/blog\/#website","url":"https:\/\/weedy.fr\/blog\/","name":"Actualit\u00e9s CBD Blog - Weedy.fr","description":"Le meilleur de l&#039;actualit\u00e9 du CBD et du chanvre en France","publisher":{"@id":"https:\/\/weedy.fr\/blog\/#organization"},"alternateName":"Weedy.fr","potentialAction":[{"@type":"SearchAction","target":{"@type":"EntryPoint","urlTemplate":"https:\/\/weedy.fr\/blog\/?s={search_term_string}"},"query-input":{"@type":"PropertyValueSpecification","valueRequired":true,"valueName":"search_term_string"}}],"inLanguage":"fr-FR"},{"@type":"Organization","@id":"https:\/\/weedy.fr\/blog\/#organization","name":"Weedy.fr","alternateName":"Weedy.fr","url":"https:\/\/weedy.fr\/blog\/","logo":{"@type":"ImageObject","inLanguage":"fr-FR","@id":"https:\/\/weedy.fr\/blog\/#\/schema\/logo\/image\/","url":"https:\/\/weedy.fr\/blog\/wp-content\/uploads\/2024\/05\/logo-carre.jpg","contentUrl":"https:\/\/weedy.fr\/blog\/wp-content\/uploads\/2024\/05\/logo-carre.jpg","width":582,"height":582,"caption":"Weedy.fr"},"image":{"@id":"https:\/\/weedy.fr\/blog\/#\/schema\/logo\/image\/"},"sameAs":["https:\/\/www.facebook.com\/weedysocial","https:\/\/www.instagram.com\/weedyfrance\/"],"description":"Leader en france sur la vente de produits \u00e0 base de CBD","email":"support@weedy.fr","telephone":"0187651030","legalName":"Weedy.fr"}]}},"_links":{"self":[{"href":"https:\/\/weedy.fr\/blog\/wp-json\/wp\/v2\/pages\/3218","targetHints":{"allow":["GET"]}}],"collection":[{"href":"https:\/\/weedy.fr\/blog\/wp-json\/wp\/v2\/pages"}],"about":[{"href":"https:\/\/weedy.fr\/blog\/wp-json\/wp\/v2\/types\/page"}],"author":[{"embeddable":true,"href":"https:\/\/weedy.fr\/blog\/wp-json\/wp\/v2\/users\/41"}],"replies":[{"embeddable":true,"href":"https:\/\/weedy.fr\/blog\/wp-json\/wp\/v2\/comments?post=3218"}],"version-history":[{"count":0,"href":"https:\/\/weedy.fr\/blog\/wp-json\/wp\/v2\/pages\/3218\/revisions"}],"wp:attachment":[{"href":"https:\/\/weedy.fr\/blog\/wp-json\/wp\/v2\/media?parent=3218"}],"curies":[{"name":"wp","href":"https:\/\/api.w.org\/{rel}","templated":true}]}}